{"id":4108,"date":"2025-01-17T23:02:57","date_gmt":"2025-01-17T23:02:57","guid":{"rendered":"http:\/\/deboramotta.com\/?page_id=4108"},"modified":"2025-01-17T23:11:10","modified_gmt":"2025-01-17T23:11:10","slug":"terminos-y-condiciones","status":"publish","type":"page","link":"http:\/\/deboramotta.com\/index.php\/terminos-y-condiciones\/","title":{"rendered":"T\u00e9rminos y Condiciones"},"content":{"rendered":"\t\t<div data-elementor-type=\"wp-page\" data-elementor-id=\"4108\" class=\"elementor elementor-4108\">\n\t\t\t\t<div class=\"elementor-element elementor-element-3672bc74 e-flex e-con-boxed wpr-particle-no wpr-jarallax-no wpr-parallax-no wpr-sticky-section-no e-con e-parent\" data-id=\"3672bc74\" data-element_type=\"container\" data-settings=\"{&quot;background_background&quot;:&quot;classic&quot;,&quot;_ha_eqh_enable&quot;:false}\">\n\t\t\t\t\t<div class=\"e-con-inner\">\n\t\t<div class=\"elementor-element elementor-element-32412b79 e-con-full e-flex wpr-particle-no wpr-jarallax-no wpr-parallax-no wpr-sticky-section-no e-con e-child\" data-id=\"32412b79\" data-element_type=\"container\" data-settings=\"{&quot;_ha_eqh_enable&quot;:false}\">\n\t\t\t\t<div class=\"elementor-element elementor-element-7137eb24 elementor-widget-mobile__width-initial elementor-widget elementor-widget-image\" data-id=\"7137eb24\" data-element_type=\"widget\" data-widget_type=\"image.default\">\n\t\t\t\t<div class=\"elementor-widget-container\">\n\t\t\t\t\t\t\t\t\t\t\t\t\t\t\t\t<a href=\"http:\/\/deboramotta.com\/\">\n\t\t\t\t\t\t\t<img fetchpriority=\"high\" decoding=\"async\" width=\"1999\" height=\"1075\" src=\"http:\/\/deboramotta.com\/wp-content\/uploads\/2024\/09\/cartao-de-visita09.png\" class=\"attachment-full size-full wp-image-2239\" alt=\"\" srcset=\"http:\/\/deboramotta.com\/wp-content\/uploads\/2024\/09\/cartao-de-visita09.png 1999w, http:\/\/deboramotta.com\/wp-content\/uploads\/2024\/09\/cartao-de-visita09-300x161.png 300w, http:\/\/deboramotta.com\/wp-content\/uploads\/2024\/09\/cartao-de-visita09-1024x551.png 1024w, http:\/\/deboramotta.com\/wp-content\/uploads\/2024\/09\/cartao-de-visita09-768x413.png 768w, http:\/\/deboramotta.com\/wp-content\/uploads\/2024\/09\/cartao-de-visita09-1536x826.png 1536w\" sizes=\"(max-width: 1999px) 100vw, 1999px\" \/>\t\t\t\t\t\t\t\t<\/a>\n\t\t\t\t\t\t\t\t\t\t\t\t\t\t\t<\/div>\n\t\t\t\t<\/div>\n\t\t\t\t<\/div>\n\t\t<div class=\"elementor-element elementor-element-362aa54b e-con-full e-flex wpr-particle-no wpr-jarallax-no wpr-parallax-no wpr-sticky-section-no e-con e-child\" data-id=\"362aa54b\" data-element_type=\"container\" data-settings=\"{&quot;_ha_eqh_enable&quot;:false}\">\n\t\t\t\t<div class=\"elementor-element elementor-element-305a09ad elementor-widget__width-initial elementor-widget elementor-widget-ekit-nav-menu\" data-id=\"305a09ad\" data-element_type=\"widget\" data-settings=\"{&quot;_animation_mobile&quot;:&quot;fadeIn&quot;}\" data-widget_type=\"ekit-nav-menu.default\">\n\t\t\t\t<div class=\"elementor-widget-container\">\n\t\t\t\t\t\t\t<nav class=\"ekit-wid-con ekit_menu_responsive_tablet\" \n\t\t\tdata-hamburger-icon=\"\" \n\t\t\tdata-hamburger-icon-type=\"icon\" \n\t\t\tdata-responsive-breakpoint=\"1024\">\n\t\t\t            <button class=\"elementskit-menu-hamburger elementskit-menu-toggler\"  type=\"button\" aria-label=\"hamburger-icon\">\n                                    <span class=\"elementskit-menu-hamburger-icon\"><\/span><span class=\"elementskit-menu-hamburger-icon\"><\/span><span class=\"elementskit-menu-hamburger-icon\"><\/span>\n                            <\/button>\n            <div id=\"ekit-megamenu-menu-v-rev\" class=\"elementskit-menu-container elementskit-menu-offcanvas-elements elementskit-navbar-nav-default ekit-nav-menu-one-page- ekit-nav-dropdown-hover\"><ul id=\"menu-menu-v-rev\" class=\"elementskit-navbar-nav elementskit-menu-po-right submenu-click-on-\"><li id=\"menu-item-4084\" class=\"menu-item menu-item-type-post_type menu-item-object-page menu-item-home menu-item-4084 nav-item elementskit-mobile-builder-content\" data-vertical-menu=750px><a href=\"https:\/\/deboramotta.com\/\" class=\"ekit-menu-nav-link\">Inicio<\/a><\/li>\n<li id=\"menu-item-3287\" class=\"menu-item menu-item-type-post_type menu-item-object-page menu-item-3287 nav-item elementskit-mobile-builder-content\" data-vertical-menu=750px><a href=\"http:\/\/deboramotta.com\/index.php\/contato\/\" class=\"ekit-menu-nav-link\">Qui\u00e9n soy yo<\/a><\/li>\n<li id=\"menu-item-361\" class=\"menu-item menu-item-type-custom menu-item-object-custom menu-item-has-children menu-item-361 nav-item elementskit-dropdown-has relative_position elementskit-dropdown-menu-default_width elementskit-mobile-builder-content\" data-vertical-menu=750px><a href=\"#case\" class=\"ekit-menu-nav-link ekit-menu-dropdown-toggle\">Terapias<i aria-hidden=\"true\" class=\"icon icon-down-arrow1 elementskit-submenu-indicator\"><\/i><\/a>\n<ul class=\"elementskit-dropdown elementskit-submenu-panel\">\n\t<li id=\"menu-item-3408\" class=\"menu-item menu-item-type-post_type menu-item-object-page menu-item-3408 nav-item elementskit-mobile-builder-content\" data-vertical-menu=750px><a href=\"http:\/\/deboramotta.com\/index.php\/b-e-m\/\" class=\" dropdown-item\">&#8211; B.E.M<\/a>\t<li id=\"menu-item-3409\" class=\"menu-item menu-item-type-post_type menu-item-object-page menu-item-3409 nav-item elementskit-mobile-builder-content\" data-vertical-menu=750px><a href=\"http:\/\/deboramotta.com\/index.php\/mesa-radionica\/\" class=\" dropdown-item\">&#8211; Mesa Radi\u00f3nica<\/a>\t<li id=\"menu-item-3410\" class=\"menu-item menu-item-type-post_type menu-item-object-page menu-item-3410 nav-item elementskit-mobile-builder-content\" data-vertical-menu=750px><a href=\"http:\/\/deboramotta.com\/index.php\/lnt\/\" class=\" dropdown-item\">&#8211; LNT<\/a>\t<li id=\"menu-item-3284\" class=\"menu-item menu-item-type-post_type menu-item-object-page menu-item-3284 nav-item elementskit-mobile-builder-content\" data-vertical-menu=750px><a href=\"http:\/\/deboramotta.com\/index.php\/radiestesia\/\" class=\" dropdown-item\">&#8211; Radiestesia<\/a><\/ul>\n<\/li>\n<li id=\"menu-item-3520\" class=\"menu-item menu-item-type-post_type menu-item-object-page menu-item-3520 nav-item elementskit-mobile-builder-content\" data-vertical-menu=750px><a href=\"http:\/\/deboramotta.com\/index.php\/s-o-s\/\" class=\"ekit-menu-nav-link\">S.O.S<\/a><\/li>\n<li id=\"menu-item-3286\" class=\"menu-item menu-item-type-post_type menu-item-object-page menu-item-3286 nav-item elementskit-mobile-builder-content\" data-vertical-menu=750px><a href=\"http:\/\/deboramotta.com\/index.php\/contato-2\/\" class=\"ekit-menu-nav-link\">Contacto<\/a><\/li>\n<\/ul><div class=\"elementskit-nav-identity-panel\"><a class=\"elementskit-nav-logo\" href=\"http:\/\/deboramotta.com\" target=\"\" rel=\"\"><img src=\"http:\/\/deboramotta.com\/wp-content\/uploads\/2024\/10\/logog-1.png\" title=\"logog\" alt=\"logog\" decoding=\"async\" \/><\/a><button class=\"elementskit-menu-close elementskit-menu-toggler\" type=\"button\">X<\/button><\/div><\/div>\t\t\t\n\t\t\t<div class=\"elementskit-menu-overlay elementskit-menu-offcanvas-elements elementskit-menu-toggler ekit-nav-menu--overlay\"><\/div>        <\/nav>\n\t\t\t\t\t\t<\/div>\n\t\t\t\t<\/div>\n\t\t\t\t<\/div>\n\t\t\t\t\t<\/div>\n\t\t\t\t<\/div>\n\t\t<div class=\"elementor-element elementor-element-5da11a0f e-flex e-con-boxed wpr-particle-no wpr-jarallax-no wpr-parallax-no wpr-sticky-section-no e-con e-parent\" data-id=\"5da11a0f\" data-element_type=\"container\" data-settings=\"{&quot;background_background&quot;:&quot;classic&quot;,&quot;_ha_eqh_enable&quot;:false}\">\n\t\t\t\t\t<div class=\"e-con-inner\">\n\t\t<div class=\"elementor-element elementor-element-36b9412 e-flex e-con-boxed wpr-particle-no wpr-jarallax-no wpr-parallax-no wpr-sticky-section-no e-con e-child\" data-id=\"36b9412\" data-element_type=\"container\" data-settings=\"{&quot;_ha_eqh_enable&quot;:false}\">\n\t\t\t\t\t<div class=\"e-con-inner\">\n\t\t\t\t<div class=\"elementor-element elementor-element-0a30e5f elementor-widget__width-initial elementor-widget-mobile__width-initial elementor-widget elementor-widget-heading\" data-id=\"0a30e5f\" data-element_type=\"widget\" data-widget_type=\"heading.default\">\n\t\t\t\t<div class=\"elementor-widget-container\">\n\t\t\t\t\t<h2 class=\"elementor-heading-title elementor-size-default\">T\u00e9rminos y Condiciones<\/h2>\t\t\t\t<\/div>\n\t\t\t\t<\/div>\n\t\t\t\t<div class=\"elementor-element elementor-element-2775d9d elementor-widget__width-initial elementor-widget elementor-widget-text-editor\" data-id=\"2775d9d\" data-element_type=\"widget\" data-widget_type=\"text-editor.default\">\n\t\t\t\t<div class=\"elementor-widget-container\">\n\t\t\t\t\t\t\t\t\t<p data-ogsc=\"rgb(0, 0, 0)\">Los presentes T\u00e9rminos y Condiciones regulan el acceso y el uso del sitio web gestionado por D\u00e9bora Hendy Da Motta Guimaraes. Al utilizar nuestro sitio web, aceptas estos t\u00e9rminos en su totalidad. Si no est\u00e1s de acuerdo con alguna parte, no debes usar nuestro sitio web.<\/p><h5 data-ogsc=\"rgb(0, 0, 0)\"><strong>Informaci\u00f3n sobre el propietario del sitio web<\/strong><\/h5><ul data-ogsc=\"rgb(0, 0, 0)\"><li data-ogsc=\"\">Nombre de la persona jur\u00eddica: D\u00e9bora Hendy Da Motta Guimaraes<\/li><li data-ogsc=\"\">NIF: 30861930R<\/li><li data-ogsc=\"\">Direcci\u00f3n: c\/parellada, 40 L &#8216;ametlla del Vall\u00e8s, Barcelona\u00a0<\/li><li data-ogsc=\"\">Correo electr\u00f3nico:\u00a0<a title=\"mailto:info@deboramotta.com\" href=\"mailto:info@deboramotta.com\" data-linkindex=\"0\" data-ogsc=\"\">info@deboramotta.com<\/a><\/li><li data-ogsc=\"\">Tel\u00e9fono: 640.88.28.88<\/li><\/ul><h5 data-ogsc=\"rgb(0, 0, 0)\"><strong>Uso del sitio web<\/strong><\/h5><p data-ogsc=\"rgb(0, 0, 0)\">Este sitio web se ofrece a usuarios mayores de 18 a\u00f1os que puedan celebrar contratos legalmente vinculantes bajo la ley aplicable. Al utilizar este sitio web, garantizas que tienes al menos 18 a\u00f1os de edad.<\/p><h5 data-ogsc=\"rgb(0, 0, 0)\"><strong>Acceso al sitio web<\/strong><\/h5><p data-ogsc=\"rgb(0, 0, 0)\">El acceso al sitio web es gratuito. Sin embargo, algunos de los servicios y contenidos ofrecidos pueden estar sujetos a la contrataci\u00f3n previa del servicio o producto y al pago de una cantidad de dinero, lo cual se especificar\u00e1 claramente antes de la contrataci\u00f3n del mismo.<\/p><h5 data-ogsc=\"rgb(0, 0, 0)\"><strong>Registro de usuarios<\/strong><\/h5><p data-ogsc=\"rgb(0, 0, 0)\">Para acceder a ciertos servicios, puede que sea necesario registrarse mediante la creaci\u00f3n de una cuenta. Toda la informaci\u00f3n proporcionada debe ser precisa, actualizada y completa. Es responsabilidad del usuario mantener la confidencialidad de su informaci\u00f3n de cuenta.<\/p><h5 data-ogsc=\"rgb(0, 0, 0)\"><strong>Contenido del sitio web<\/strong><\/h5><p data-ogsc=\"rgb(0, 0, 0)\">Todo el contenido del sitio web, incluidos textos, im\u00e1genes, gr\u00e1ficos, logotipos, iconos, y cualquier otro material, es propiedad de D\u00e9bora Hendy Da Motta Guimaraes o de terceros que han autorizado su uso. No se permite la reproducci\u00f3n, transmisi\u00f3n, distribuci\u00f3n o modificaci\u00f3n de todo o parte del contenido sin autorizaci\u00f3n expl\u00edcita.<\/p><h5 data-ogsc=\"rgb(0, 0, 0)\"><strong>Limitaci\u00f3n de responsabilidad<\/strong><\/h5><p data-ogsc=\"rgb(0, 0, 0)\">D\u00e9bora Hendy Da Motta Guimaraes no garantiza que el sitio web funcione ininterrumpidamente o que est\u00e9 libre de errores. No se asumir\u00e1n responsabilidades por da\u00f1os, p\u00e9rdidas o gastos derivados del uso de este sitio web. Los enlaces a otros sitios web se proporcionan para su comodidad, y no implica nuestra responsabilidad sobre la legitimidad o veracidad de su contenido.<\/p><h5 data-ogsc=\"rgb(0, 0, 0)\"><strong>Modificaci\u00f3n de los T\u00e9rminos y Condiciones<\/strong><\/h5><p data-ogsc=\"rgb(0, 0, 0)\">D\u00e9bora Hendy Da Motta Guimaraes se reserva el derecho a modificar estos t\u00e9rminos y condiciones en cualquier momento. Cualquier cambio ser\u00e1 notificado a los usuarios en el sitio web, y la utilizaci\u00f3n del sitio web despu\u00e9s de dichos cambios implica la aceptaci\u00f3n de los nuevos t\u00e9rminos.<\/p><h5 data-ogsc=\"rgb(0, 0, 0)\"><strong>Jurisdicci\u00f3n y ley aplicable<\/strong><\/h5><p data-ogsc=\"rgb(0, 0, 0)\">Estos t\u00e9rminos y condiciones se regir\u00e1n e interpretar\u00e1n de acuerdo con las leyes de Espa\u00f1a, Barcelona. Cualquier disputa derivada del uso del sitio web se someter\u00e1 a la jurisdicci\u00f3n exclusiva de los tribunales de Barcelona, Espa\u00f1a.<\/p>\t\t\t\t\t\t\t\t<\/div>\n\t\t\t\t<\/div>\n\t\t\t\t\t<\/div>\n\t\t\t\t<\/div>\n\t\t\t\t\t<\/div>\n\t\t\t\t<\/div>\n\t\t<div class=\"elementor-element elementor-element-376695bc e-flex e-con-boxed wpr-particle-no wpr-jarallax-no wpr-parallax-no wpr-sticky-section-no e-con e-parent\" data-id=\"376695bc\" data-element_type=\"container\" data-settings=\"{&quot;background_background&quot;:&quot;classic&quot;,&quot;_ha_eqh_enable&quot;:false}\">\n\t\t\t\t\t<div class=\"e-con-inner\">\n\t\t<div class=\"elementor-element elementor-element-7a3acab2 e-con-full e-flex wpr-particle-no wpr-jarallax-no wpr-parallax-no wpr-sticky-section-no e-con e-child\" data-id=\"7a3acab2\" data-element_type=\"container\" data-settings=\"{&quot;_ha_eqh_enable&quot;:false}\">\n\t\t\t\t<div class=\"elementor-element elementor-element-3e5190de elementor-widget-mobile__width-initial elementor-widget elementor-widget-image\" data-id=\"3e5190de\" data-element_type=\"widget\" data-widget_type=\"image.default\">\n\t\t\t\t<div class=\"elementor-widget-container\">\n\t\t\t\t\t\t\t\t\t\t\t\t\t\t\t<img decoding=\"async\" width=\"900\" height=\"497\" src=\"http:\/\/deboramotta.com\/wp-content\/uploads\/2024\/12\/logo-1.png\" class=\"attachment-full size-full wp-image-2993\" alt=\"\" srcset=\"http:\/\/deboramotta.com\/wp-content\/uploads\/2024\/12\/logo-1.png 900w, http:\/\/deboramotta.com\/wp-content\/uploads\/2024\/12\/logo-1-300x166.png 300w, http:\/\/deboramotta.com\/wp-content\/uploads\/2024\/12\/logo-1-768x424.png 768w\" sizes=\"(max-width: 900px) 100vw, 900px\" \/>\t\t\t\t\t\t\t\t\t\t\t\t\t\t\t<\/div>\n\t\t\t\t<\/div>\n\t\t\t\t<div class=\"elementor-element elementor-element-623afc1e elementor-widget elementor-widget-spacer\" data-id=\"623afc1e\" data-element_type=\"widget\" data-widget_type=\"spacer.default\">\n\t\t\t\t<div class=\"elementor-widget-container\">\n\t\t\t\t\t\t\t<div class=\"elementor-spacer\">\n\t\t\t<div class=\"elementor-spacer-inner\"><\/div>\n\t\t<\/div>\n\t\t\t\t\t\t<\/div>\n\t\t\t\t<\/div>\n\t\t\t\t<div class=\"elementor-element elementor-element-1850823c elementor-widget elementor-widget-text-editor\" data-id=\"1850823c\" data-element_type=\"widget\" data-widget_type=\"text-editor.default\">\n\t\t\t\t<div class=\"elementor-widget-container\">\n\t\t\t\t\t\t\t\t\t<p>Copyright \u00a9 2024, Todos los derechos reservados<\/p>\t\t\t\t\t\t\t\t<\/div>\n\t\t\t\t<\/div>\n\t\t\t\t<\/div>\n\t\t<div class=\"elementor-element elementor-element-48bae80d e-con-full e-flex wpr-particle-no wpr-jarallax-no wpr-parallax-no wpr-sticky-section-no e-con e-child\" data-id=\"48bae80d\" data-element_type=\"container\" data-settings=\"{&quot;_ha_eqh_enable&quot;:false}\">\n\t\t\t\t<div class=\"elementor-element elementor-element-3fb50095 elementor-widget elementor-widget-text-editor\" data-id=\"3fb50095\" data-element_type=\"widget\" data-widget_type=\"text-editor.default\">\n\t\t\t\t<div class=\"elementor-widget-container\">\n\t\t\t\t\t\t\t\t\t<p>\u00bfTienes alguna duda?<\/p>\t\t\t\t\t\t\t\t<\/div>\n\t\t\t\t<\/div>\n\t\t\t\t<div class=\"elementor-element elementor-element-7cc8ec92 elementor-view-default elementor-position-top elementor-mobile-position-top elementor-widget elementor-widget-icon-box\" data-id=\"7cc8ec92\" data-element_type=\"widget\" data-widget_type=\"icon-box.default\">\n\t\t\t\t<div class=\"elementor-widget-container\">\n\t\t\t\t\t\t\t<div class=\"elementor-icon-box-wrapper\">\n\n\t\t\t\t\t\t<div class=\"elementor-icon-box-icon\">\n\t\t\t\t<span  class=\"elementor-icon\">\n\t\t\t\t\t\t\t\t<\/span>\n\t\t\t<\/div>\n\t\t\t\n\t\t\t\t\t\t<div class=\"elementor-icon-box-content\">\n\n\t\t\t\t\t\t\t\t\t<h3 class=\"elementor-icon-box-title\">\n\t\t\t\t\t\t<span  >\n\t\t\t\t\t\t\tHabla con nosotros:\t\t\t\t\t\t<\/span>\n\t\t\t\t\t<\/h3>\n\t\t\t\t\n\t\t\t\t\t\t\t\t\t<p class=\"elementor-icon-box-description\">\n\t\t\t\t\t\tinfo@deboramotta.com\t\t\t\t\t<\/p>\n\t\t\t\t\n\t\t\t<\/div>\n\t\t\t\n\t\t<\/div>\n\t\t\t\t\t\t<\/div>\n\t\t\t\t<\/div>\n\t\t\t\t<div class=\"elementor-element elementor-element-71cb953d elementor-align-justify elementor-widget__width-initial elementor-mobile-align-center elementor-widget elementor-widget-button\" data-id=\"71cb953d\" data-element_type=\"widget\" data-widget_type=\"button.default\">\n\t\t\t\t<div class=\"elementor-widget-container\">\n\t\t\t\t\t\t\t\t\t<div class=\"elementor-button-wrapper\">\n\t\t\t\t\t<a class=\"elementor-button elementor-button-link elementor-size-sm elementor-animation-float\" href=\"https:\/\/wa.link\/imgt6f\">\n\t\t\t\t\t\t<span class=\"elementor-button-content-wrapper\">\n\t\t\t\t\t\t<span class=\"elementor-button-icon\">\n\t\t\t\t<svg aria-hidden=\"true\" class=\"e-font-icon-svg e-fab-whatsapp\" viewBox=\"0 0 448 512\" xmlns=\"http:\/\/www.w3.org\/2000\/svg\"><path d=\"M380.9 97.1C339 55.1 283.2 32 223.9 32c-122.4 0-222 99.6-222 222 0 39.1 10.2 77.3 29.6 111L0 480l117.7-30.9c32.4 17.7 68.9 27 106.1 27h.1c122.3 0 224.1-99.6 224.1-222 0-59.3-25.2-115-67.1-157zm-157 341.6c-33.2 0-65.7-8.9-94-25.7l-6.7-4-69.8 18.3L72 359.2l-4.4-7c-18.5-29.4-28.2-63.3-28.2-98.2 0-101.7 82.8-184.5 184.6-184.5 49.3 0 95.6 19.2 130.4 54.1 34.8 34.9 56.2 81.2 56.1 130.5 0 101.8-84.9 184.6-186.6 184.6zm101.2-138.2c-5.5-2.8-32.8-16.2-37.9-18-5.1-1.9-8.8-2.8-12.5 2.8-3.7 5.6-14.3 18-17.6 21.8-3.2 3.7-6.5 4.2-12 1.4-32.6-16.3-54-29.1-75.5-66-5.7-9.8 5.7-9.1 16.3-30.3 1.8-3.7.9-6.9-.5-9.7-1.4-2.8-12.5-30.1-17.1-41.2-4.5-10.8-9.1-9.3-12.5-9.5-3.2-.2-6.9-.2-10.6-.2-3.7 0-9.7 1.4-14.8 6.9-5.1 5.6-19.4 19-19.4 46.3 0 27.3 19.9 53.7 22.6 57.4 2.8 3.7 39.1 59.7 94.8 83.8 35.2 15.2 49 16.5 66.6 13.9 10.7-1.6 32.8-13.4 37.4-26.4 4.6-13 4.6-24.1 3.2-26.4-1.3-2.5-5-3.9-10.5-6.6z\"><\/path><\/svg>\t\t\t<\/span>\n\t\t\t\t\t\t\t\t\t<span class=\"elementor-button-text\">CONTACTAR<\/span>\n\t\t\t\t\t<\/span>\n\t\t\t\t\t<\/a>\n\t\t\t\t<\/div>\n\t\t\t\t\t\t\t\t<\/div>\n\t\t\t\t<\/div>\n\t\t\t\t<\/div>\n\t\t\t\t\t<\/div>\n\t\t\t\t<\/div>\n\t\t\t\t<\/div>\n\t\t","protected":false},"excerpt":{"rendered":"<p>Inicio Qui\u00e9n soy yo Terapias &#8211; B.E.M &#8211; Mesa Radi\u00f3nica &#8211; LNT &#8211; Radiestesia S.O.S Contacto X T\u00e9rminos y Condiciones Los presentes T\u00e9rminos y Condiciones regulan el acceso y el uso del sitio web gestionado por D\u00e9bora Hendy Da Motta Guimaraes. Al utilizar nuestro sitio web, aceptas estos t\u00e9rminos en su totalidad. Si no est\u00e1s de acuerdo con alguna parte, no debes usar nuestro sitio web. Informaci\u00f3n sobre el propietario del sitio web Nombre de la persona jur\u00eddica: D\u00e9bora Hendy Da Motta Guimaraes NIF: 30861930R Direcci\u00f3n: c\/parellada, 40 L &#8216;ametlla del Vall\u00e8s, Barcelona\u00a0 Correo electr\u00f3nico:\u00a0info@deboramotta.com Tel\u00e9fono: 640.88.28.88 Uso del sitio web Este sitio web se ofrece a usuarios mayores de 18 a\u00f1os que puedan celebrar contratos legalmente vinculantes bajo la ley aplicable. Al utilizar este sitio web, garantizas que tienes al menos 18 a\u00f1os de edad. Acceso al sitio web El acceso al sitio web es gratuito. Sin embargo, algunos de los servicios y contenidos ofrecidos pueden estar sujetos a la contrataci\u00f3n previa del servicio o producto y al pago de una cantidad de dinero, lo cual se especificar\u00e1 claramente antes de la contrataci\u00f3n del mismo. Registro de usuarios Para acceder a ciertos servicios, puede que sea necesario registrarse mediante la creaci\u00f3n de una cuenta. Toda la informaci\u00f3n proporcionada debe ser precisa, actualizada y completa. Es responsabilidad del usuario mantener la confidencialidad de su informaci\u00f3n de cuenta. Contenido del sitio web Todo el contenido del sitio web, incluidos textos, im\u00e1genes, gr\u00e1ficos, logotipos, iconos, y cualquier otro material, es propiedad de D\u00e9bora Hendy Da Motta Guimaraes o de terceros que han autorizado su uso. No se permite la reproducci\u00f3n, transmisi\u00f3n, distribuci\u00f3n o modificaci\u00f3n de todo o parte del contenido sin autorizaci\u00f3n expl\u00edcita. Limitaci\u00f3n de responsabilidad D\u00e9bora Hendy Da Motta Guimaraes no garantiza que el sitio web funcione ininterrumpidamente o que est\u00e9 libre de errores. No se asumir\u00e1n responsabilidades por da\u00f1os, p\u00e9rdidas o gastos derivados del uso de este sitio web. Los enlaces a otros sitios web se proporcionan para su comodidad, y no implica nuestra responsabilidad sobre la legitimidad o veracidad de su contenido. Modificaci\u00f3n de los T\u00e9rminos y Condiciones D\u00e9bora Hendy Da Motta Guimaraes se reserva el derecho a modificar estos t\u00e9rminos y condiciones en cualquier momento. Cualquier cambio ser\u00e1 notificado a los usuarios en el sitio web, y la utilizaci\u00f3n del sitio web despu\u00e9s de dichos cambios implica la aceptaci\u00f3n de los nuevos t\u00e9rminos. Jurisdicci\u00f3n y ley aplicable Estos t\u00e9rminos y condiciones se regir\u00e1n e interpretar\u00e1n de acuerdo con las leyes de Espa\u00f1a, Barcelona. Cualquier disputa derivada del uso del sitio web se someter\u00e1 a la jurisdicci\u00f3n exclusiva de los tribunales de Barcelona, Espa\u00f1a. Copyright \u00a9 2024, Todos los derechos reservados \u00bfTienes alguna duda? Habla con nosotros: info@deboramotta.com CONTACTAR<\/p>\n","protected":false},"author":1,"featured_media":0,"parent":0,"menu_order":0,"comment_status":"closed","ping_status":"closed","template":"elementor_canvas","meta":{"footnotes":""},"class_list":["post-4108","page","type-page","status-publish","hentry"],"_links":{"self":[{"href":"http:\/\/deboramotta.com\/index.php\/wp-json\/wp\/v2\/pages\/4108","targetHints":{"allow":["GET"]}}],"collection":[{"href":"http:\/\/deboramotta.com\/index.php\/wp-json\/wp\/v2\/pages"}],"about":[{"href":"http:\/\/deboramotta.com\/index.php\/wp-json\/wp\/v2\/types\/page"}],"author":[{"embeddable":true,"href":"http:\/\/deboramotta.com\/index.php\/wp-json\/wp\/v2\/users\/1"}],"replies":[{"embeddable":true,"href":"http:\/\/deboramotta.com\/index.php\/wp-json\/wp\/v2\/comments?post=4108"}],"version-history":[{"count":7,"href":"http:\/\/deboramotta.com\/index.php\/wp-json\/wp\/v2\/pages\/4108\/revisions"}],"predecessor-version":[{"id":4115,"href":"http:\/\/deboramotta.com\/index.php\/wp-json\/wp\/v2\/pages\/4108\/revisions\/4115"}],"wp:attachment":[{"href":"http:\/\/deboramotta.com\/index.php\/wp-json\/wp\/v2\/media?parent=4108"}],"curies":[{"name":"wp","href":"https:\/\/api.w.org\/{rel}","templated":true}]}}